{"id":1117,"date":"2026-03-06T10:14:31","date_gmt":"2026-03-06T10:14:31","guid":{"rendered":"https:\/\/new.proautokool.ee\/privaatsuspoliitika\/"},"modified":"2026-03-06T10:16:59","modified_gmt":"2026-03-06T10:16:59","slug":"%d0%bf%d0%be%d0%bb%d0%b8%d1%82%d0%b8%d0%ba%d0%b0-%d0%ba%d0%be%d0%bd%d1%84%d0%b8%d0%b4%d0%b5%d0%bd%d1%86%d0%b8%d0%b0%d0%bb%d1%8c%d0%bd%d0%be%d1%81%d1%82%d0%b8","status":"publish","type":"page","link":"https:\/\/www.proautokool.ee\/ru\/%d0%bf%d0%be%d0%bb%d0%b8%d1%82%d0%b8%d0%ba%d0%b0-%d0%ba%d0%be%d0%bd%d1%84%d0%b8%d0%b4%d0%b5%d0%bd%d1%86%d0%b8%d0%b0%d0%bb%d1%8c%d0%bd%d0%be%d1%81%d1%82%d0%b8\/","title":{"rendered":"\u041f\u043e\u043b\u0438\u0442\u0438\u043a\u0430 \u043a\u043e\u043d\u0444\u0438\u0434\u0435\u043d\u0446\u0438\u0430\u043b\u044c\u043d\u043e\u0441\u0442\u0438"},"content":{"rendered":"<p>Me v\u00f5tame vastu, kogume ja s\u00e4ilitame mis tahes teavet, mille sisestate meie veebisaidile v\u00f5i edastate meile muul viisil. Lisaks kogume teie arvuti Interneti-\u00fchenduse loomiseks kasutatavat Interneti-protokolli (IP) aadressi; sisselogimine; e-posti aadress; parool; arvuti- ja \u00fchenduseinfo ning ostuajalugu. V\u00f5ime kasutada tarkvarat\u00f6\u00f6riistu, et m\u00f5\u00f5ta ja koguda sessiooniteavet, sealhulgas lehe reageerimisaegu, teatud lehtede k\u00fclastuste pikkust, lehe interaktsiooniteavet ja lehelt eemale sirvimiseks kasutatud meetodeid. Samuti kogume isikut tuvastavat teavet (sh nimi, e-posti aadress, parool, side); kommentaarid, tagasiside, toote\u00fclevaated, soovitused ja isiklik profiil.<\/p>\n","protected":false},"excerpt":{"rendered":"<p>Me v\u00f5tame vastu, kogume ja s\u00e4ilitame mis tahes teavet, mille sisestate meie veebisaidile v\u00f5i edastate meile muul viisil. Lisaks kogume teie arvuti Interneti-\u00fchenduse loomiseks kasutatavat Interneti-protokolli (IP) aadressi; sisselogimine; e-posti aadress; parool; arvuti- ja \u00fchenduseinfo ning ostuajalugu. V\u00f5ime kasutada tarkvarat\u00f6\u00f6riistu, et m\u00f5\u00f5ta ja koguda sessiooniteavet, sealhulgas lehe reageerimisaegu, teatud lehtede k\u00fclastuste pikkust, lehe interaktsiooniteavet ja [&hellip;]<\/p>\n","protected":false},"author":1,"featured_media":0,"parent":0,"menu_order":0,"comment_status":"closed","ping_status":"closed","template":"","meta":{"_et_pb_use_builder":"","_et_pb_old_content":"","_et_gb_content_width":"","footnotes":""},"class_list":["post-1117","page","type-page","status-publish","hentry"],"yoast_head":"<!-- This site is optimized with the Yoast SEO plugin v27.4 - https:\/\/yoast.com\/product\/yoast-seo-wordpress\/ -->\n<title>\u041f\u043e\u043b\u0438\u0442\u0438\u043a\u0430 \u043a\u043e\u043d\u0444\u0438\u0434\u0435\u043d\u0446\u0438\u0430\u043b\u044c\u043d\u043e\u0441\u0442\u0438 - Autokool | PRO Autokool O\u00dc | Tallinn, Estonia<\/title>\n<meta name=\"robots\" content=\"index, follow, max-snippet:-1, max-image-preview:large, max-video-preview:-1\" \/>\n<link rel=\"canonical\" href=\"https:\/\/www.proautokool.ee\/ru\/%d0%bf%d0%be%d0%bb%d0%b8%d1%82%d0%b8%d0%ba%d0%b0-%d0%ba%d0%be%d0%bd%d1%84%d0%b8%d0%b4%d0%b5%d0%bd%d1%86%d0%b8%d0%b0%d0%bb%d1%8c%d0%bd%d0%be%d1%81%d1%82%d0%b8\/\" \/>\n<meta property=\"og:locale\" content=\"ru_RU\" \/>\n<meta property=\"og:type\" content=\"article\" \/>\n<meta property=\"og:title\" content=\"\u041f\u043e\u043b\u0438\u0442\u0438\u043a\u0430 \u043a\u043e\u043d\u0444\u0438\u0434\u0435\u043d\u0446\u0438\u0430\u043b\u044c\u043d\u043e\u0441\u0442\u0438 - Autokool | PRO Autokool O\u00dc | Tallinn, Estonia\" \/>\n<meta property=\"og:description\" content=\"Me v\u00f5tame vastu, kogume ja s\u00e4ilitame mis tahes teavet, mille sisestate meie veebisaidile v\u00f5i edastate meile muul viisil. Lisaks kogume teie arvuti Interneti-\u00fchenduse loomiseks kasutatavat Interneti-protokolli (IP) aadressi; sisselogimine; e-posti aadress; parool; arvuti- ja \u00fchenduseinfo ning ostuajalugu. V\u00f5ime kasutada tarkvarat\u00f6\u00f6riistu, et m\u00f5\u00f5ta ja koguda sessiooniteavet, sealhulgas lehe reageerimisaegu, teatud lehtede k\u00fclastuste pikkust, lehe interaktsiooniteavet ja [&hellip;]\" \/>\n<meta property=\"og:url\" content=\"https:\/\/www.proautokool.ee\/ru\/%d0%bf%d0%be%d0%bb%d0%b8%d1%82%d0%b8%d0%ba%d0%b0-%d0%ba%d0%be%d0%bd%d1%84%d0%b8%d0%b4%d0%b5%d0%bd%d1%86%d0%b8%d0%b0%d0%bb%d1%8c%d0%bd%d0%be%d1%81%d1%82%d0%b8\/\" \/>\n<meta property=\"og:site_name\" content=\"Autokool | PRO Autokool O\u00dc | Tallinn, Estonia\" \/>\n<meta property=\"article:modified_time\" content=\"2026-03-06T10:16:59+00:00\" \/>\n<meta name=\"twitter:card\" content=\"summary_large_image\" \/>\n<meta name=\"twitter:label1\" content=\"\u041f\u0440\u0438\u043c\u0435\u0440\u043d\u043e\u0435 \u0432\u0440\u0435\u043c\u044f \u0434\u043b\u044f \u0447\u0442\u0435\u043d\u0438\u044f\" \/>\n\t<meta name=\"twitter:data1\" content=\"1 \u043c\u0438\u043d\u0443\u0442\u0430\" \/>\n<script type=\"application\/ld+json\" class=\"yoast-schema-graph\">{\"@context\":\"https:\\\/\\\/schema.org\",\"@graph\":[{\"@type\":\"WebPage\",\"@id\":\"https:\\\/\\\/www.proautokool.ee\\\/ru\\\/%d0%bf%d0%be%d0%bb%d0%b8%d1%82%d0%b8%d0%ba%d0%b0-%d0%ba%d0%be%d0%bd%d1%84%d0%b8%d0%b4%d0%b5%d0%bd%d1%86%d0%b8%d0%b0%d0%bb%d1%8c%d0%bd%d0%be%d1%81%d1%82%d0%b8\\\/\",\"url\":\"https:\\\/\\\/www.proautokool.ee\\\/ru\\\/%d0%bf%d0%be%d0%bb%d0%b8%d1%82%d0%b8%d0%ba%d0%b0-%d0%ba%d0%be%d0%bd%d1%84%d0%b8%d0%b4%d0%b5%d0%bd%d1%86%d0%b8%d0%b0%d0%bb%d1%8c%d0%bd%d0%be%d1%81%d1%82%d0%b8\\\/\",\"name\":\"\u041f\u043e\u043b\u0438\u0442\u0438\u043a\u0430 \u043a\u043e\u043d\u0444\u0438\u0434\u0435\u043d\u0446\u0438\u0430\u043b\u044c\u043d\u043e\u0441\u0442\u0438 - Autokool | PRO Autokool O\u00dc | Tallinn, Estonia\",\"isPartOf\":{\"@id\":\"https:\\\/\\\/www.proautokool.ee\\\/ru\\\/#website\"},\"datePublished\":\"2026-03-06T10:14:31+00:00\",\"dateModified\":\"2026-03-06T10:16:59+00:00\",\"breadcrumb\":{\"@id\":\"https:\\\/\\\/www.proautokool.ee\\\/ru\\\/%d0%bf%d0%be%d0%bb%d0%b8%d1%82%d0%b8%d0%ba%d0%b0-%d0%ba%d0%be%d0%bd%d1%84%d0%b8%d0%b4%d0%b5%d0%bd%d1%86%d0%b8%d0%b0%d0%bb%d1%8c%d0%bd%d0%be%d1%81%d1%82%d0%b8\\\/#breadcrumb\"},\"inLanguage\":\"ru-RU\",\"potentialAction\":[{\"@type\":\"ReadAction\",\"target\":[\"https:\\\/\\\/www.proautokool.ee\\\/ru\\\/%d0%bf%d0%be%d0%bb%d0%b8%d1%82%d0%b8%d0%ba%d0%b0-%d0%ba%d0%be%d0%bd%d1%84%d0%b8%d0%b4%d0%b5%d0%bd%d1%86%d0%b8%d0%b0%d0%bb%d1%8c%d0%bd%d0%be%d1%81%d1%82%d0%b8\\\/\"]}]},{\"@type\":\"BreadcrumbList\",\"@id\":\"https:\\\/\\\/www.proautokool.ee\\\/ru\\\/%d0%bf%d0%be%d0%bb%d0%b8%d1%82%d0%b8%d0%ba%d0%b0-%d0%ba%d0%be%d0%bd%d1%84%d0%b8%d0%b4%d0%b5%d0%bd%d1%86%d0%b8%d0%b0%d0%bb%d1%8c%d0%bd%d0%be%d1%81%d1%82%d0%b8\\\/#breadcrumb\",\"itemListElement\":[{\"@type\":\"ListItem\",\"position\":1,\"name\":\"Home\",\"item\":\"https:\\\/\\\/www.proautokool.ee\\\/ru\\\/\"},{\"@type\":\"ListItem\",\"position\":2,\"name\":\"\u041f\u043e\u043b\u0438\u0442\u0438\u043a\u0430 \u043a\u043e\u043d\u0444\u0438\u0434\u0435\u043d\u0446\u0438\u0430\u043b\u044c\u043d\u043e\u0441\u0442\u0438\"}]},{\"@type\":\"WebSite\",\"@id\":\"https:\\\/\\\/www.proautokool.ee\\\/ru\\\/#website\",\"url\":\"https:\\\/\\\/www.proautokool.ee\\\/ru\\\/\",\"name\":\"Autokool | PRO Autokool O\u00dc | Tallinn, Estonia\",\"description\":\"Autokool Tallinnas \u2013 B-, A- ja A2-kursused\",\"potentialAction\":[{\"@type\":\"SearchAction\",\"target\":{\"@type\":\"EntryPoint\",\"urlTemplate\":\"https:\\\/\\\/www.proautokool.ee\\\/ru\\\/?s={search_term_string}\"},\"query-input\":{\"@type\":\"PropertyValueSpecification\",\"valueRequired\":true,\"valueName\":\"search_term_string\"}}],\"inLanguage\":\"ru-RU\"}]}<\/script>\n<!-- \/ Yoast SEO plugin. -->","yoast_head_json":{"title":"\u041f\u043e\u043b\u0438\u0442\u0438\u043a\u0430 \u043a\u043e\u043d\u0444\u0438\u0434\u0435\u043d\u0446\u0438\u0430\u043b\u044c\u043d\u043e\u0441\u0442\u0438 - Autokool | PRO Autokool O\u00dc | Tallinn, Estonia","robots":{"index":"index","follow":"follow","max-snippet":"max-snippet:-1","max-image-preview":"max-image-preview:large","max-video-preview":"max-video-preview:-1"},"canonical":"https:\/\/www.proautokool.ee\/ru\/%d0%bf%d0%be%d0%bb%d0%b8%d1%82%d0%b8%d0%ba%d0%b0-%d0%ba%d0%be%d0%bd%d1%84%d0%b8%d0%b4%d0%b5%d0%bd%d1%86%d0%b8%d0%b0%d0%bb%d1%8c%d0%bd%d0%be%d1%81%d1%82%d0%b8\/","og_locale":"ru_RU","og_type":"article","og_title":"\u041f\u043e\u043b\u0438\u0442\u0438\u043a\u0430 \u043a\u043e\u043d\u0444\u0438\u0434\u0435\u043d\u0446\u0438\u0430\u043b\u044c\u043d\u043e\u0441\u0442\u0438 - Autokool | PRO Autokool O\u00dc | Tallinn, Estonia","og_description":"Me v\u00f5tame vastu, kogume ja s\u00e4ilitame mis tahes teavet, mille sisestate meie veebisaidile v\u00f5i edastate meile muul viisil. Lisaks kogume teie arvuti Interneti-\u00fchenduse loomiseks kasutatavat Interneti-protokolli (IP) aadressi; sisselogimine; e-posti aadress; parool; arvuti- ja \u00fchenduseinfo ning ostuajalugu. V\u00f5ime kasutada tarkvarat\u00f6\u00f6riistu, et m\u00f5\u00f5ta ja koguda sessiooniteavet, sealhulgas lehe reageerimisaegu, teatud lehtede k\u00fclastuste pikkust, lehe interaktsiooniteavet ja [&hellip;]","og_url":"https:\/\/www.proautokool.ee\/ru\/%d0%bf%d0%be%d0%bb%d0%b8%d1%82%d0%b8%d0%ba%d0%b0-%d0%ba%d0%be%d0%bd%d1%84%d0%b8%d0%b4%d0%b5%d0%bd%d1%86%d0%b8%d0%b0%d0%bb%d1%8c%d0%bd%d0%be%d1%81%d1%82%d0%b8\/","og_site_name":"Autokool | PRO Autokool O\u00dc | Tallinn, Estonia","article_modified_time":"2026-03-06T10:16:59+00:00","twitter_card":"summary_large_image","twitter_misc":{"\u041f\u0440\u0438\u043c\u0435\u0440\u043d\u043e\u0435 \u0432\u0440\u0435\u043c\u044f \u0434\u043b\u044f \u0447\u0442\u0435\u043d\u0438\u044f":"1 \u043c\u0438\u043d\u0443\u0442\u0430"},"schema":{"@context":"https:\/\/schema.org","@graph":[{"@type":"WebPage","@id":"https:\/\/www.proautokool.ee\/ru\/%d0%bf%d0%be%d0%bb%d0%b8%d1%82%d0%b8%d0%ba%d0%b0-%d0%ba%d0%be%d0%bd%d1%84%d0%b8%d0%b4%d0%b5%d0%bd%d1%86%d0%b8%d0%b0%d0%bb%d1%8c%d0%bd%d0%be%d1%81%d1%82%d0%b8\/","url":"https:\/\/www.proautokool.ee\/ru\/%d0%bf%d0%be%d0%bb%d0%b8%d1%82%d0%b8%d0%ba%d0%b0-%d0%ba%d0%be%d0%bd%d1%84%d0%b8%d0%b4%d0%b5%d0%bd%d1%86%d0%b8%d0%b0%d0%bb%d1%8c%d0%bd%d0%be%d1%81%d1%82%d0%b8\/","name":"\u041f\u043e\u043b\u0438\u0442\u0438\u043a\u0430 \u043a\u043e\u043d\u0444\u0438\u0434\u0435\u043d\u0446\u0438\u0430\u043b\u044c\u043d\u043e\u0441\u0442\u0438 - Autokool | PRO Autokool O\u00dc | Tallinn, Estonia","isPartOf":{"@id":"https:\/\/www.proautokool.ee\/ru\/#website"},"datePublished":"2026-03-06T10:14:31+00:00","dateModified":"2026-03-06T10:16:59+00:00","breadcrumb":{"@id":"https:\/\/www.proautokool.ee\/ru\/%d0%bf%d0%be%d0%bb%d0%b8%d1%82%d0%b8%d0%ba%d0%b0-%d0%ba%d0%be%d0%bd%d1%84%d0%b8%d0%b4%d0%b5%d0%bd%d1%86%d0%b8%d0%b0%d0%bb%d1%8c%d0%bd%d0%be%d1%81%d1%82%d0%b8\/#breadcrumb"},"inLanguage":"ru-RU","potentialAction":[{"@type":"ReadAction","target":["https:\/\/www.proautokool.ee\/ru\/%d0%bf%d0%be%d0%bb%d0%b8%d1%82%d0%b8%d0%ba%d0%b0-%d0%ba%d0%be%d0%bd%d1%84%d0%b8%d0%b4%d0%b5%d0%bd%d1%86%d0%b8%d0%b0%d0%bb%d1%8c%d0%bd%d0%be%d1%81%d1%82%d0%b8\/"]}]},{"@type":"BreadcrumbList","@id":"https:\/\/www.proautokool.ee\/ru\/%d0%bf%d0%be%d0%bb%d0%b8%d1%82%d0%b8%d0%ba%d0%b0-%d0%ba%d0%be%d0%bd%d1%84%d0%b8%d0%b4%d0%b5%d0%bd%d1%86%d0%b8%d0%b0%d0%bb%d1%8c%d0%bd%d0%be%d1%81%d1%82%d0%b8\/#breadcrumb","itemListElement":[{"@type":"ListItem","position":1,"name":"Home","item":"https:\/\/www.proautokool.ee\/ru\/"},{"@type":"ListItem","position":2,"name":"\u041f\u043e\u043b\u0438\u0442\u0438\u043a\u0430 \u043a\u043e\u043d\u0444\u0438\u0434\u0435\u043d\u0446\u0438\u0430\u043b\u044c\u043d\u043e\u0441\u0442\u0438"}]},{"@type":"WebSite","@id":"https:\/\/www.proautokool.ee\/ru\/#website","url":"https:\/\/www.proautokool.ee\/ru\/","name":"Autokool | PRO Autokool O\u00dc | Tallinn, Estonia","description":"Autokool Tallinnas \u2013 B-, A- ja A2-kursused","potentialAction":[{"@type":"SearchAction","target":{"@type":"EntryPoint","urlTemplate":"https:\/\/www.proautokool.ee\/ru\/?s={search_term_string}"},"query-input":{"@type":"PropertyValueSpecification","valueRequired":true,"valueName":"search_term_string"}}],"inLanguage":"ru-RU"}]}},"_links":{"self":[{"href":"https:\/\/www.proautokool.ee\/ru\/wp-json\/wp\/v2\/pages\/1117","targetHints":{"allow":["GET"]}}],"collection":[{"href":"https:\/\/www.proautokool.ee\/ru\/wp-json\/wp\/v2\/pages"}],"about":[{"href":"https:\/\/www.proautokool.ee\/ru\/wp-json\/wp\/v2\/types\/page"}],"author":[{"embeddable":true,"href":"https:\/\/www.proautokool.ee\/ru\/wp-json\/wp\/v2\/users\/1"}],"replies":[{"embeddable":true,"href":"https:\/\/www.proautokool.ee\/ru\/wp-json\/wp\/v2\/comments?post=1117"}],"version-history":[{"count":1,"href":"https:\/\/www.proautokool.ee\/ru\/wp-json\/wp\/v2\/pages\/1117\/revisions"}],"predecessor-version":[{"id":1121,"href":"https:\/\/www.proautokool.ee\/ru\/wp-json\/wp\/v2\/pages\/1117\/revisions\/1121"}],"wp:attachment":[{"href":"https:\/\/www.proautokool.ee\/ru\/wp-json\/wp\/v2\/media?parent=1117"}],"curies":[{"name":"wp","href":"https:\/\/api.w.org\/{rel}","templated":true}]}}